{"id":679,"date":"2022-05-30T17:22:26","date_gmt":"2022-05-30T17:22:26","guid":{"rendered":"http:\/\/ptspanama.net\/?page_id=679"},"modified":"2022-07-21T00:25:33","modified_gmt":"2022-07-21T00:25:33","slug":"sobre-nosotros","status":"publish","type":"page","link":"https:\/\/ptspanama.net\/index.php\/sobre-nosotros\/","title":{"rendered":"Sobre Nosotros"},"content":{"rendered":"\t\t<div data-elementor-type=\"wp-page\" data-elementor-id=\"679\" class=\"elementor elementor-679\">\n\t\t\t\t\t\t<section class=\"elementor-section elementor-top-section elementor-element elementor-element-c0a3e9f elementor-section-content-middle elementor-section-boxed elementor-section-height-default elementor-section-height-default\" data-id=\"c0a3e9f\" data-element_type=\"section\" data-e-type=\"section\" data-settings=\"{&quot;background_background&quot;:&quot;classic&quot;}\">\n\t\t\t\t\t\t\t<div class=\"elementor-background-overlay\"><\/div>\n\t\t\t\t\t\t\t<div class=\"elementor-container elementor-column-gap-no\">\n\t\t\t\t\t<div class=\"elementor-column elementor-col-100 elementor-top-column elementor-element elementor-element-b3072ed\" data-id=\"b3072ed\" data-element_type=\"column\" data-e-type=\"column\">\n\t\t\t<div class=\"elementor-widget-wrap elementor-element-populated\">\n\t\t\t\t\t\t<div class=\"elementor-element elementor-element-13cfb3da elementor-widget elementor-widget-heading\" data-id=\"13cfb3da\" data-element_type=\"widget\" data-e-type=\"widget\" data-widget_type=\"heading.default\">\n\t\t\t\t<div class=\"elementor-widget-container\">\n\t\t\t\t\t<h2 class=\"elementor-heading-title elementor-size-default\">Sobre Nosotros<\/h2>\t\t\t\t<\/div>\n\t\t\t\t<\/div>\n\t\t\t\t<div class=\"elementor-element elementor-element-7b7f7181 elementor-icon-list--layout-inline elementor-align-start elementor-mobile-align-center elementor-list-item-link-full_width elementor-widget elementor-widget-icon-list\" data-id=\"7b7f7181\" data-element_type=\"widget\" data-e-type=\"widget\" data-widget_type=\"icon-list.default\">\n\t\t\t\t<div class=\"elementor-widget-container\">\n\t\t\t\t\t\t\t<ul class=\"elementor-icon-list-items elementor-inline-items\">\n\t\t\t\t\t\t\t<li class=\"elementor-icon-list-item elementor-inline-item\">\n\t\t\t\t\t\t\t\t\t\t<span class=\"elementor-icon-list-text\">Inicio<\/span>\n\t\t\t\t\t\t\t\t\t<\/li>\n\t\t\t\t\t\t\t\t<li class=\"elementor-icon-list-item elementor-inline-item\">\n\t\t\t\t\t\t\t\t\t\t\t<span class=\"elementor-icon-list-icon\">\n\t\t\t\t\t\t\t<i aria-hidden=\"true\" class=\"fas fa-angle-right\"><\/i>\t\t\t\t\t\t<\/span>\n\t\t\t\t\t\t\t\t\t\t<span class=\"elementor-icon-list-text\">Sobre Nosotros<\/span>\n\t\t\t\t\t\t\t\t\t<\/li>\n\t\t\t\t\t\t<\/ul>\n\t\t\t\t\t\t<\/div>\n\t\t\t\t<\/div>\n\t\t\t\t\t<\/div>\n\t\t<\/div>\n\t\t\t\t\t<\/div>\n\t\t<\/section>\n\t\t\t\t<section class=\"elementor-section elementor-top-section elementor-element elementor-element-58ad9954 elementor-section-boxed elementor-section-height-default elementor-section-height-default\" data-id=\"58ad9954\" data-element_type=\"section\" data-e-type=\"section\">\n\t\t\t\t\t\t<div class=\"elementor-container elementor-column-gap-default\">\n\t\t\t\t\t<div class=\"elementor-column elementor-col-50 elementor-top-column elementor-element elementor-element-5bdd525f\" data-id=\"5bdd525f\" data-element_type=\"column\" data-e-type=\"column\">\n\t\t\t<div class=\"elementor-widget-wrap elementor-element-populated\">\n\t\t\t\t\t\t<div class=\"elementor-element elementor-element-3a3eee48 elementor-widget elementor-widget-heading\" data-id=\"3a3eee48\" data-element_type=\"widget\" data-e-type=\"widget\" data-widget_type=\"heading.default\">\n\t\t\t\t<div class=\"elementor-widget-container\">\n\t\t\t\t\t<h2 class=\"elementor-heading-title elementor-size-default\">\u00bfQUI\u00c9NES SOMOS?<\/h2>\t\t\t\t<\/div>\n\t\t\t\t<\/div>\n\t\t\t\t<div class=\"elementor-element elementor-element-db85999 elementor-widget elementor-widget-text-editor\" data-id=\"db85999\" data-element_type=\"widget\" data-e-type=\"widget\" data-widget_type=\"text-editor.default\">\n\t\t\t\t<div class=\"elementor-widget-container\">\n\t\t\t\t\t\t\t\t\t<p>En este mundo cambiante, <b>PT SOLUTIONS PANAMA, S.A.<\/b>, nace de la necesidad de respaldar la industria de la construcci\u00f3n y a la sociedad con soluciones de ingenier\u00eda de alta calidad, con base en nuestra s\u00f3lida experiencia y conocimiento desarrollado por los a\u00f1os. La Familia <b>PTS<\/b>, surge de la empresa precursora y l\u00edder en el sistema de concreto postensado, Pretensados Panam\u00e1, S.A., la cual nace en 1994 de la idea de nuestro amigo y mentor el Ingeniero Gilberto Carles A.<\/p><p>\u00a0<\/p><p>Actualmente, liderados por el <b>Ingeniero Jorge E. Lang<\/b>, con una trayectoria de m\u00e1s de 15 a\u00f1os en la industria de la construcci\u00f3n, experto en sistemas presforzados, con certificaciones del Post-tensioning Institute; cuenta con los <b>Profesionales Id\u00f3neos <\/b>y Mano de Obra de experiencia, que garantiza la m\u00e1s alta calidad y eficiencia en nuestros servicios, ofreciendo <b>confianza y compromiso<\/b>.<\/p><p>\u00a0<\/p><p>Nuestros equipos y materiales suministrados cumplen con las certificaciones y controles de trazabilidad garantizando el cumplimiento de especificaciones y normas nacionales e internacionales.<\/p><p>\u00a0<\/p><p>Le ofrecemos la tecnolog\u00eda que usted necesita para su proyecto brindando soluciones a su necesidad.<\/p>\t\t\t\t\t\t\t\t<\/div>\n\t\t\t\t<\/div>\n\t\t\t\t\t<\/div>\n\t\t<\/div>\n\t\t\t\t<div class=\"elementor-column elementor-col-50 elementor-top-column elementor-element elementor-element-540f90eb elementor-hidden-phone\" data-id=\"540f90eb\" data-element_type=\"column\" data-e-type=\"column\" data-settings=\"{&quot;background_background&quot;:&quot;classic&quot;}\">\n\t\t\t<div class=\"elementor-widget-wrap elementor-element-populated\">\n\t\t\t\t\t\t<div class=\"elementor-element elementor-element-582dcb4 elementor-widget elementor-widget-image\" data-id=\"582dcb4\" data-element_type=\"widget\" data-e-type=\"widget\" data-widget_type=\"image.default\">\n\t\t\t\t<div class=\"elementor-widget-container\">\n\t\t\t\t\t\t\t\t\t\t\t\t\t\t\t<img fetchpriority=\"high\" decoding=\"async\" width=\"532\" height=\"399\" src=\"https:\/\/ptspanama.net\/wp-content\/uploads\/2022\/06\/Imagen1-1.png\" class=\"attachment-large size-large wp-image-1450\" alt=\"\" srcset=\"https:\/\/ptspanama.net\/wp-content\/uploads\/2022\/06\/Imagen1-1.png 532w, https:\/\/ptspanama.net\/wp-content\/uploads\/2022\/06\/Imagen1-1-300x225.png 300w\" sizes=\"(max-width: 532px) 100vw, 532px\" style=\"width:100%;height:75%;max-width:532px\" \/>\t\t\t\t\t\t\t\t\t\t\t\t\t\t\t<\/div>\n\t\t\t\t<\/div>\n\t\t\t\t<div class=\"elementor-element elementor-element-fd2dc62 elementor-widget elementor-widget-image\" data-id=\"fd2dc62\" data-element_type=\"widget\" data-e-type=\"widget\" data-widget_type=\"image.default\">\n\t\t\t\t<div class=\"elementor-widget-container\">\n\t\t\t\t\t\t\t\t\t\t\t\t\t\t\t<img decoding=\"async\" width=\"530\" height=\"323\" src=\"https:\/\/ptspanama.net\/wp-content\/uploads\/2022\/06\/Imagen2.png\" class=\"attachment-large size-large wp-image-1451\" alt=\"\" srcset=\"https:\/\/ptspanama.net\/wp-content\/uploads\/2022\/06\/Imagen2.png 530w, https:\/\/ptspanama.net\/wp-content\/uploads\/2022\/06\/Imagen2-300x183.png 300w\" sizes=\"(max-width: 530px) 100vw, 530px\" style=\"width:100%;height:60.94%;max-width:530px\" \/>\t\t\t\t\t\t\t\t\t\t\t\t\t\t\t<\/div>\n\t\t\t\t<\/div>\n\t\t\t\t\t<\/div>\n\t\t<\/div>\n\t\t\t\t\t<\/div>\n\t\t<\/section>\n\t\t\t\t<section class=\"elementor-section elementor-top-section elementor-element elementor-element-61d3db77 elementor-hidden-desktop elementor-hidden-tablet elementor-hidden-mobile elementor-section-boxed elementor-section-height-default elementor-section-height-default\" data-id=\"61d3db77\" data-element_type=\"section\" data-e-type=\"section\" data-settings=\"{&quot;background_background&quot;:&quot;classic&quot;}\">\n\t\t\t\t\t\t\t<div class=\"elementor-background-overlay\"><\/div>\n\t\t\t\t\t\t\t<div class=\"elementor-container elementor-column-gap-default\">\n\t\t\t\t\t<div class=\"elementor-column elementor-col-25 elementor-top-column elementor-element elementor-element-403ef240\" data-id=\"403ef240\" data-element_type=\"column\" data-e-type=\"column\">\n\t\t\t<div class=\"elementor-widget-wrap\">\n\t\t\t\t\t\t\t<\/div>\n\t\t<\/div>\n\t\t\t\t<div class=\"elementor-column elementor-col-25 elementor-top-column elementor-element elementor-element-4240d5cb\" data-id=\"4240d5cb\" data-element_type=\"column\" data-e-type=\"column\">\n\t\t\t<div class=\"elementor-widget-wrap\">\n\t\t\t\t\t\t\t<\/div>\n\t\t<\/div>\n\t\t\t\t<div class=\"elementor-column elementor-col-25 elementor-top-column elementor-element elementor-element-46d80c53\" data-id=\"46d80c53\" data-element_type=\"column\" data-e-type=\"column\">\n\t\t\t<div class=\"elementor-widget-wrap\">\n\t\t\t\t\t\t\t<\/div>\n\t\t<\/div>\n\t\t\t\t<div class=\"elementor-column elementor-col-25 elementor-top-column elementor-element elementor-element-11ce8665\" data-id=\"11ce8665\" data-element_type=\"column\" data-e-type=\"column\">\n\t\t\t<div class=\"elementor-widget-wrap\">\n\t\t\t\t\t\t\t<\/div>\n\t\t<\/div>\n\t\t\t\t\t<\/div>\n\t\t<\/section>\n\t\t\t\t<section class=\"elementor-section elementor-top-section elementor-element elementor-element-4440b57d elementor-section-boxed elementor-section-height-default elementor-section-height-default\" data-id=\"4440b57d\" data-element_type=\"section\" data-e-type=\"section\">\n\t\t\t\t\t\t<div class=\"elementor-container elementor-column-gap-default\">\n\t\t\t\t\t<div class=\"elementor-column elementor-col-100 elementor-top-column elementor-element elementor-element-2ff3ddfb\" data-id=\"2ff3ddfb\" data-element_type=\"column\" data-e-type=\"column\">\n\t\t\t<div class=\"elementor-widget-wrap elementor-element-populated\">\n\t\t\t\t\t\t<div class=\"elementor-element elementor-element-54e1cf4e elementor-widget elementor-widget-heading\" data-id=\"54e1cf4e\" data-element_type=\"widget\" data-e-type=\"widget\" data-widget_type=\"heading.default\">\n\t\t\t\t<div class=\"elementor-widget-container\">\n\t\t\t\t\t<h2 class=\"elementor-heading-title elementor-size-default\">NUESTRA MISI\u00d3N<\/h2>\t\t\t\t<\/div>\n\t\t\t\t<\/div>\n\t\t\t\t<section class=\"elementor-section elementor-inner-section elementor-element elementor-element-6f81890c elementor-section-boxed elementor-section-height-default elementor-section-height-default\" data-id=\"6f81890c\" data-element_type=\"section\" data-e-type=\"section\">\n\t\t\t\t\t\t<div class=\"elementor-container elementor-column-gap-no\">\n\t\t\t\t\t<div class=\"elementor-column elementor-col-100 elementor-inner-column elementor-element elementor-element-41f80e1c\" data-id=\"41f80e1c\" data-element_type=\"column\" data-e-type=\"column\">\n\t\t\t<div class=\"elementor-widget-wrap elementor-element-populated\">\n\t\t\t\t\t\t<div class=\"elementor-element elementor-element-6410bf70 elementor-widget elementor-widget-image\" data-id=\"6410bf70\" data-element_type=\"widget\" data-e-type=\"widget\" data-widget_type=\"image.default\">\n\t\t\t\t<div class=\"elementor-widget-container\">\n\t\t\t\t\t\t\t\t\t\t\t\t\t\t\t<img decoding=\"async\" width=\"731\" height=\"548\" src=\"https:\/\/ptspanama.net\/wp-content\/uploads\/2022\/07\/nuestra-misison.png\" class=\"attachment-full size-full wp-image-1624\" alt=\"\" srcset=\"https:\/\/ptspanama.net\/wp-content\/uploads\/2022\/07\/nuestra-misison.png 731w, https:\/\/ptspanama.net\/wp-content\/uploads\/2022\/07\/nuestra-misison-300x225.png 300w\" sizes=\"(max-width: 731px) 100vw, 731px\" style=\"width:100%;height:74.97%;max-width:731px\" \/>\t\t\t\t\t\t\t\t\t\t\t\t\t\t\t<\/div>\n\t\t\t\t<\/div>\n\t\t\t\t<div class=\"elementor-element elementor-element-765c771e elementor-widget elementor-widget-text-editor\" data-id=\"765c771e\" data-element_type=\"widget\" data-e-type=\"widget\" data-widget_type=\"text-editor.default\">\n\t\t\t\t<div class=\"elementor-widget-container\">\n\t\t\t\t\t\t\t\t\t<p>Ofrecer nuestra experiencia y conocimiento del sistema presforzado en la industria de la construcci\u00f3n, brindando los m\u00e1s altos est\u00e1ndares de la calidad que nos caracteriza seg\u00fan las normas y c\u00f3digos establecidos.<\/p>\t\t\t\t\t\t\t\t<\/div>\n\t\t\t\t<\/div>\n\t\t\t\t\t<\/div>\n\t\t<\/div>\n\t\t\t\t\t<\/div>\n\t\t<\/section>\n\t\t\t\t\t<\/div>\n\t\t<\/div>\n\t\t\t\t\t<\/div>\n\t\t<\/section>\n\t\t\t\t<section class=\"elementor-section elementor-top-section elementor-element elementor-element-f5a4660 elementor-section-boxed elementor-section-height-default elementor-section-height-default\" data-id=\"f5a4660\" data-element_type=\"section\" data-e-type=\"section\" data-settings=\"{&quot;background_background&quot;:&quot;classic&quot;}\">\n\t\t\t\t\t\t<div class=\"elementor-container elementor-column-gap-default\">\n\t\t\t\t\t<div class=\"elementor-column elementor-col-50 elementor-top-column elementor-element elementor-element-2e6a25b\" data-id=\"2e6a25b\" data-element_type=\"column\" data-e-type=\"column\">\n\t\t\t<div class=\"elementor-widget-wrap elementor-element-populated\">\n\t\t\t\t\t\t<div class=\"elementor-element elementor-element-491df31 elementor-widget elementor-widget-spacer\" data-id=\"491df31\" data-element_type=\"widget\" data-e-type=\"widget\" data-widget_type=\"spacer.default\">\n\t\t\t\t<div class=\"elementor-widget-container\">\n\t\t\t\t\t\t\t<div class=\"elementor-spacer\">\n\t\t\t<div class=\"elementor-spacer-inner\"><\/div>\n\t\t<\/div>\n\t\t\t\t\t\t<\/div>\n\t\t\t\t<\/div>\n\t\t\t\t<div class=\"elementor-element elementor-element-3eeee70 elementor-widget elementor-widget-heading\" data-id=\"3eeee70\" data-element_type=\"widget\" data-e-type=\"widget\" data-widget_type=\"heading.default\">\n\t\t\t\t<div class=\"elementor-widget-container\">\n\t\t\t\t\t<h2 class=\"elementor-heading-title elementor-size-default\">NUESTRA RAZ\u00d3N DE SER<\/h2>\t\t\t\t<\/div>\n\t\t\t\t<\/div>\n\t\t\t\t<div class=\"elementor-element elementor-element-6e9cac8 elementor-hidden-desktop elementor-hidden-tablet elementor-widget elementor-widget-image\" data-id=\"6e9cac8\" data-element_type=\"widget\" data-e-type=\"widget\" data-widget_type=\"image.default\">\n\t\t\t\t<div class=\"elementor-widget-container\">\n\t\t\t\t\t\t\t\t\t\t\t\t\t\t\t<img loading=\"lazy\" decoding=\"async\" width=\"750\" height=\"486\" src=\"https:\/\/ptspanama.net\/wp-content\/uploads\/2022\/05\/RAZON-DE-SER.png\" class=\"attachment-large size-large wp-image-707\" alt=\"\" srcset=\"https:\/\/ptspanama.net\/wp-content\/uploads\/2022\/05\/RAZON-DE-SER.png 959w, https:\/\/ptspanama.net\/wp-content\/uploads\/2022\/05\/RAZON-DE-SER-300x195.png 300w, https:\/\/ptspanama.net\/wp-content\/uploads\/2022\/05\/RAZON-DE-SER-768x498.png 768w\" sizes=\"(max-width: 750px) 100vw, 750px\" style=\"width:100%;height:64.86%;max-width:959px\" \/>\t\t\t\t\t\t\t\t\t\t\t\t\t\t\t<\/div>\n\t\t\t\t<\/div>\n\t\t\t\t\t<\/div>\n\t\t<\/div>\n\t\t\t\t<div class=\"elementor-column elementor-col-50 elementor-top-column elementor-element elementor-element-f59a30a elementor-hidden-phone\" data-id=\"f59a30a\" data-element_type=\"column\" data-e-type=\"column\">\n\t\t\t<div class=\"elementor-widget-wrap elementor-element-populated\">\n\t\t\t\t\t\t<div class=\"elementor-element elementor-element-a73d6ad elementor-widget elementor-widget-image\" data-id=\"a73d6ad\" data-element_type=\"widget\" data-e-type=\"widget\" data-widget_type=\"image.default\">\n\t\t\t\t<div class=\"elementor-widget-container\">\n\t\t\t\t\t\t\t\t\t\t\t\t\t\t\t<img loading=\"lazy\" decoding=\"async\" width=\"750\" height=\"486\" src=\"https:\/\/ptspanama.net\/wp-content\/uploads\/2022\/05\/RAZON-DE-SER.png\" class=\"attachment-large size-large wp-image-707\" alt=\"\" srcset=\"https:\/\/ptspanama.net\/wp-content\/uploads\/2022\/05\/RAZON-DE-SER.png 959w, https:\/\/ptspanama.net\/wp-content\/uploads\/2022\/05\/RAZON-DE-SER-300x195.png 300w, https:\/\/ptspanama.net\/wp-content\/uploads\/2022\/05\/RAZON-DE-SER-768x498.png 768w\" sizes=\"(max-width: 750px) 100vw, 750px\" style=\"width:100%;height:64.86%;max-width:959px\" \/>\t\t\t\t\t\t\t\t\t\t\t\t\t\t\t<\/div>\n\t\t\t\t<\/div>\n\t\t\t\t\t<\/div>\n\t\t<\/div>\n\t\t\t\t\t<\/div>\n\t\t<\/section>\n\t\t\t\t<\/div>\n\t\t","protected":false},"excerpt":{"rendered":"<p>Sobre Nosotros Inicio Sobre Nosotros \u00bfQUI\u00c9NES SOMOS? En este mundo cambiante, PT SOLUTIONS PANAMA, S.A., nace de la necesidad de respaldar la industria de la construcci\u00f3n y a la sociedad con soluciones de ingenier\u00eda de alta calidad, con base en nuestra s\u00f3lida experiencia y conocimiento desarrollado por los a\u00f1os. La Familia PTS, surge de la&hellip; <a class=\"more-link\" href=\"https:\/\/ptspanama.net\/index.php\/sobre-nosotros\/\">Seguir leyendo <span class=\"screen-reader-text\">Sobre Nosotros<\/span><\/a><\/p>\n","protected":false},"author":1,"featured_media":0,"parent":0,"menu_order":0,"comment_status":"closed","ping_status":"closed","template":"elementor_canvas","meta":{"_joinchat":[],"footnotes":""},"class_list":["post-679","page","type-page","status-publish","hentry","entry"],"yoast_head":"<!-- This site is optimized with the Yoast SEO plugin v27.5 - https:\/\/yoast.com\/product\/yoast-seo-wordpress\/ -->\n<title>Sobre Nosotros - PT SOLUTIONS PANAMA<\/title>\n<meta name=\"robots\" content=\"index, follow, max-snippet:-1, max-image-preview:large, max-video-preview:-1\" \/>\n<link rel=\"canonical\" href=\"https:\/\/ptspanama.net\/index.php\/sobre-nosotros\/\" \/>\n<meta property=\"og:locale\" content=\"es_ES\" \/>\n<meta property=\"og:type\" content=\"article\" \/>\n<meta property=\"og:title\" content=\"Sobre Nosotros - PT SOLUTIONS PANAMA\" \/>\n<meta property=\"og:description\" content=\"Sobre Nosotros Inicio Sobre Nosotros \u00bfQUI\u00c9NES SOMOS? En este mundo cambiante, PT SOLUTIONS PANAMA, S.A., nace de la necesidad de respaldar la industria de la construcci\u00f3n y a la sociedad con soluciones de ingenier\u00eda de alta calidad, con base en nuestra s\u00f3lida experiencia y conocimiento desarrollado por los a\u00f1os. La Familia PTS, surge de la&hellip; Seguir leyendo Sobre Nosotros\" \/>\n<meta property=\"og:url\" content=\"https:\/\/ptspanama.net\/index.php\/sobre-nosotros\/\" \/>\n<meta property=\"og:site_name\" content=\"PT SOLUTIONS PANAMA\" \/>\n<meta property=\"article:modified_time\" content=\"2022-07-21T00:25:33+00:00\" \/>\n<meta property=\"og:image\" content=\"http:\/\/ptspanama.net\/wp-content\/uploads\/2022\/06\/Imagen1-1.png\" \/>\n<meta name=\"twitter:card\" content=\"summary_large_image\" \/>\n<meta name=\"twitter:label1\" content=\"Tiempo de lectura\" \/>\n\t<meta name=\"twitter:data1\" content=\"2 minutos\" \/>\n<script type=\"application\/ld+json\" class=\"yoast-schema-graph\">{\"@context\":\"https:\\\/\\\/schema.org\",\"@graph\":[{\"@type\":\"WebPage\",\"@id\":\"https:\\\/\\\/ptspanama.net\\\/index.php\\\/sobre-nosotros\\\/\",\"url\":\"https:\\\/\\\/ptspanama.net\\\/index.php\\\/sobre-nosotros\\\/\",\"name\":\"Sobre Nosotros - PT SOLUTIONS PANAMA\",\"isPartOf\":{\"@id\":\"https:\\\/\\\/ptspanama.net\\\/#website\"},\"primaryImageOfPage\":{\"@id\":\"https:\\\/\\\/ptspanama.net\\\/index.php\\\/sobre-nosotros\\\/#primaryimage\"},\"image\":{\"@id\":\"https:\\\/\\\/ptspanama.net\\\/index.php\\\/sobre-nosotros\\\/#primaryimage\"},\"thumbnailUrl\":\"http:\\\/\\\/ptspanama.net\\\/wp-content\\\/uploads\\\/2022\\\/06\\\/Imagen1-1.png\",\"datePublished\":\"2022-05-30T17:22:26+00:00\",\"dateModified\":\"2022-07-21T00:25:33+00:00\",\"breadcrumb\":{\"@id\":\"https:\\\/\\\/ptspanama.net\\\/index.php\\\/sobre-nosotros\\\/#breadcrumb\"},\"inLanguage\":\"es\",\"potentialAction\":[{\"@type\":\"ReadAction\",\"target\":[\"https:\\\/\\\/ptspanama.net\\\/index.php\\\/sobre-nosotros\\\/\"]}]},{\"@type\":\"ImageObject\",\"inLanguage\":\"es\",\"@id\":\"https:\\\/\\\/ptspanama.net\\\/index.php\\\/sobre-nosotros\\\/#primaryimage\",\"url\":\"https:\\\/\\\/ptspanama.net\\\/wp-content\\\/uploads\\\/2022\\\/06\\\/Imagen1-1.png\",\"contentUrl\":\"https:\\\/\\\/ptspanama.net\\\/wp-content\\\/uploads\\\/2022\\\/06\\\/Imagen1-1.png\",\"width\":532,\"height\":399},{\"@type\":\"BreadcrumbList\",\"@id\":\"https:\\\/\\\/ptspanama.net\\\/index.php\\\/sobre-nosotros\\\/#breadcrumb\",\"itemListElement\":[{\"@type\":\"ListItem\",\"position\":1,\"name\":\"Portada\",\"item\":\"https:\\\/\\\/ptspanama.net\\\/\"},{\"@type\":\"ListItem\",\"position\":2,\"name\":\"Sobre Nosotros\"}]},{\"@type\":\"WebSite\",\"@id\":\"https:\\\/\\\/ptspanama.net\\\/#website\",\"url\":\"https:\\\/\\\/ptspanama.net\\\/\",\"name\":\"PT SOLUTIONS PANAMA\",\"description\":\"ESPECIALISTAS EN SISTEMAS DE CONCRETO POSTENSADOS Y PRETENSADOS\",\"publisher\":{\"@id\":\"https:\\\/\\\/ptspanama.net\\\/#organization\"},\"potentialAction\":[{\"@type\":\"SearchAction\",\"target\":{\"@type\":\"EntryPoint\",\"urlTemplate\":\"https:\\\/\\\/ptspanama.net\\\/?s={search_term_string}\"},\"query-input\":{\"@type\":\"PropertyValueSpecification\",\"valueRequired\":true,\"valueName\":\"search_term_string\"}}],\"inLanguage\":\"es\"},{\"@type\":\"Organization\",\"@id\":\"https:\\\/\\\/ptspanama.net\\\/#organization\",\"name\":\"PT Solutions Panam\u00e1\",\"url\":\"https:\\\/\\\/ptspanama.net\\\/\",\"logo\":{\"@type\":\"ImageObject\",\"inLanguage\":\"es\",\"@id\":\"https:\\\/\\\/ptspanama.net\\\/#\\\/schema\\\/logo\\\/image\\\/\",\"url\":\"http:\\\/\\\/ptspanama.net\\\/wp-content\\\/uploads\\\/2022\\\/04\\\/Logo-PT-Solutions-grnade-02.png\",\"contentUrl\":\"http:\\\/\\\/ptspanama.net\\\/wp-content\\\/uploads\\\/2022\\\/04\\\/Logo-PT-Solutions-grnade-02.png\",\"width\":1903,\"height\":1003,\"caption\":\"PT Solutions Panam\u00e1\"},\"image\":{\"@id\":\"https:\\\/\\\/ptspanama.net\\\/#\\\/schema\\\/logo\\\/image\\\/\"},\"sameAs\":[\"https:\\\/\\\/www.instagram.com\\\/pts_pty\\\/\",\"https:\\\/\\\/www.linkedin.com\\\/in\\\/jorge-enrique-lang-c-38292a5a\\\/\"]}]}<\/script>\n<!-- \/ Yoast SEO plugin. -->","yoast_head_json":{"title":"Sobre Nosotros - PT SOLUTIONS PANAMA","robots":{"index":"index","follow":"follow","max-snippet":"max-snippet:-1","max-image-preview":"max-image-preview:large","max-video-preview":"max-video-preview:-1"},"canonical":"https:\/\/ptspanama.net\/index.php\/sobre-nosotros\/","og_locale":"es_ES","og_type":"article","og_title":"Sobre Nosotros - PT SOLUTIONS PANAMA","og_description":"Sobre Nosotros Inicio Sobre Nosotros \u00bfQUI\u00c9NES SOMOS? En este mundo cambiante, PT SOLUTIONS PANAMA, S.A., nace de la necesidad de respaldar la industria de la construcci\u00f3n y a la sociedad con soluciones de ingenier\u00eda de alta calidad, con base en nuestra s\u00f3lida experiencia y conocimiento desarrollado por los a\u00f1os. La Familia PTS, surge de la&hellip; Seguir leyendo Sobre Nosotros","og_url":"https:\/\/ptspanama.net\/index.php\/sobre-nosotros\/","og_site_name":"PT SOLUTIONS PANAMA","article_modified_time":"2022-07-21T00:25:33+00:00","og_image":[{"url":"http:\/\/ptspanama.net\/wp-content\/uploads\/2022\/06\/Imagen1-1.png","type":"","width":"","height":""}],"twitter_card":"summary_large_image","twitter_misc":{"Tiempo de lectura":"2 minutos"},"schema":{"@context":"https:\/\/schema.org","@graph":[{"@type":"WebPage","@id":"https:\/\/ptspanama.net\/index.php\/sobre-nosotros\/","url":"https:\/\/ptspanama.net\/index.php\/sobre-nosotros\/","name":"Sobre Nosotros - PT SOLUTIONS PANAMA","isPartOf":{"@id":"https:\/\/ptspanama.net\/#website"},"primaryImageOfPage":{"@id":"https:\/\/ptspanama.net\/index.php\/sobre-nosotros\/#primaryimage"},"image":{"@id":"https:\/\/ptspanama.net\/index.php\/sobre-nosotros\/#primaryimage"},"thumbnailUrl":"http:\/\/ptspanama.net\/wp-content\/uploads\/2022\/06\/Imagen1-1.png","datePublished":"2022-05-30T17:22:26+00:00","dateModified":"2022-07-21T00:25:33+00:00","breadcrumb":{"@id":"https:\/\/ptspanama.net\/index.php\/sobre-nosotros\/#breadcrumb"},"inLanguage":"es","potentialAction":[{"@type":"ReadAction","target":["https:\/\/ptspanama.net\/index.php\/sobre-nosotros\/"]}]},{"@type":"ImageObject","inLanguage":"es","@id":"https:\/\/ptspanama.net\/index.php\/sobre-nosotros\/#primaryimage","url":"https:\/\/ptspanama.net\/wp-content\/uploads\/2022\/06\/Imagen1-1.png","contentUrl":"https:\/\/ptspanama.net\/wp-content\/uploads\/2022\/06\/Imagen1-1.png","width":532,"height":399},{"@type":"BreadcrumbList","@id":"https:\/\/ptspanama.net\/index.php\/sobre-nosotros\/#breadcrumb","itemListElement":[{"@type":"ListItem","position":1,"name":"Portada","item":"https:\/\/ptspanama.net\/"},{"@type":"ListItem","position":2,"name":"Sobre Nosotros"}]},{"@type":"WebSite","@id":"https:\/\/ptspanama.net\/#website","url":"https:\/\/ptspanama.net\/","name":"PT SOLUTIONS PANAMA","description":"ESPECIALISTAS EN SISTEMAS DE CONCRETO POSTENSADOS Y PRETENSADOS","publisher":{"@id":"https:\/\/ptspanama.net\/#organization"},"potentialAction":[{"@type":"SearchAction","target":{"@type":"EntryPoint","urlTemplate":"https:\/\/ptspanama.net\/?s={search_term_string}"},"query-input":{"@type":"PropertyValueSpecification","valueRequired":true,"valueName":"search_term_string"}}],"inLanguage":"es"},{"@type":"Organization","@id":"https:\/\/ptspanama.net\/#organization","name":"PT Solutions Panam\u00e1","url":"https:\/\/ptspanama.net\/","logo":{"@type":"ImageObject","inLanguage":"es","@id":"https:\/\/ptspanama.net\/#\/schema\/logo\/image\/","url":"http:\/\/ptspanama.net\/wp-content\/uploads\/2022\/04\/Logo-PT-Solutions-grnade-02.png","contentUrl":"http:\/\/ptspanama.net\/wp-content\/uploads\/2022\/04\/Logo-PT-Solutions-grnade-02.png","width":1903,"height":1003,"caption":"PT Solutions Panam\u00e1"},"image":{"@id":"https:\/\/ptspanama.net\/#\/schema\/logo\/image\/"},"sameAs":["https:\/\/www.instagram.com\/pts_pty\/","https:\/\/www.linkedin.com\/in\/jorge-enrique-lang-c-38292a5a\/"]}]}},"_links":{"self":[{"href":"https:\/\/ptspanama.net\/index.php\/wp-json\/wp\/v2\/pages\/679","targetHints":{"allow":["GET"]}}],"collection":[{"href":"https:\/\/ptspanama.net\/index.php\/wp-json\/wp\/v2\/pages"}],"about":[{"href":"https:\/\/ptspanama.net\/index.php\/wp-json\/wp\/v2\/types\/page"}],"author":[{"embeddable":true,"href":"https:\/\/ptspanama.net\/index.php\/wp-json\/wp\/v2\/users\/1"}],"replies":[{"embeddable":true,"href":"https:\/\/ptspanama.net\/index.php\/wp-json\/wp\/v2\/comments?post=679"}],"version-history":[{"count":46,"href":"https:\/\/ptspanama.net\/index.php\/wp-json\/wp\/v2\/pages\/679\/revisions"}],"predecessor-version":[{"id":1820,"href":"https:\/\/ptspanama.net\/index.php\/wp-json\/wp\/v2\/pages\/679\/revisions\/1820"}],"wp:attachment":[{"href":"https:\/\/ptspanama.net\/index.php\/wp-json\/wp\/v2\/media?parent=679"}],"curies":[{"name":"wp","href":"https:\/\/api.w.org\/{rel}","templated":true}]}}