{"id":748,"date":"2022-05-31T14:09:23","date_gmt":"2022-05-31T14:09:23","guid":{"rendered":"http:\/\/ptspanama.net\/?page_id=748"},"modified":"2022-07-18T17:56:10","modified_gmt":"2022-07-18T17:56:10","slug":"sistemas-postensado-multi-toron","status":"publish","type":"page","link":"https:\/\/ptspanama.net\/index.php\/servicios\/sistemas-postensado-multi-toron\/","title":{"rendered":"Sistemas Postensado Multi-Tor\u00f3n"},"content":{"rendered":"\t\t<div data-elementor-type=\"wp-page\" data-elementor-id=\"748\" class=\"elementor elementor-748\">\n\t\t\t\t\t\t<section class=\"elementor-section elementor-top-section elementor-element elementor-element-c0a3e9f elementor-section-content-middle elementor-section-boxed elementor-section-height-default elementor-section-height-default\" data-id=\"c0a3e9f\" data-element_type=\"section\" data-e-type=\"section\" data-settings=\"{&quot;background_background&quot;:&quot;classic&quot;}\">\n\t\t\t\t\t\t\t<div class=\"elementor-background-overlay\"><\/div>\n\t\t\t\t\t\t\t<div class=\"elementor-container elementor-column-gap-no\">\n\t\t\t\t\t<div class=\"elementor-column elementor-col-100 elementor-top-column elementor-element elementor-element-b3072ed\" data-id=\"b3072ed\" data-element_type=\"column\" data-e-type=\"column\">\n\t\t\t<div class=\"elementor-widget-wrap elementor-element-populated\">\n\t\t\t\t\t\t<div class=\"elementor-element elementor-element-13cfb3da elementor-widget elementor-widget-heading\" data-id=\"13cfb3da\" data-element_type=\"widget\" data-e-type=\"widget\" data-widget_type=\"heading.default\">\n\t\t\t\t<div class=\"elementor-widget-container\">\n\t\t\t\t\t<h2 class=\"elementor-heading-title elementor-size-default\">Sistemas Postensado <br>Multi-Tor\u00f3n<\/h2>\t\t\t\t<\/div>\n\t\t\t\t<\/div>\n\t\t\t\t<div class=\"elementor-element elementor-element-7b7f7181 elementor-icon-list--layout-inline elementor-align-start elementor-mobile-align-center elementor-list-item-link-full_width elementor-widget elementor-widget-icon-list\" data-id=\"7b7f7181\" data-element_type=\"widget\" data-e-type=\"widget\" data-widget_type=\"icon-list.default\">\n\t\t\t\t<div class=\"elementor-widget-container\">\n\t\t\t\t\t\t\t<ul class=\"elementor-icon-list-items elementor-inline-items\">\n\t\t\t\t\t\t\t<li class=\"elementor-icon-list-item elementor-inline-item\">\n\t\t\t\t\t\t\t\t\t\t<span class=\"elementor-icon-list-text\">Inicio<\/span>\n\t\t\t\t\t\t\t\t\t<\/li>\n\t\t\t\t\t\t\t\t<li class=\"elementor-icon-list-item elementor-inline-item\">\n\t\t\t\t\t\t\t\t\t\t\t<span class=\"elementor-icon-list-icon\">\n\t\t\t\t\t\t\t<i aria-hidden=\"true\" class=\"fas fa-angle-right\"><\/i>\t\t\t\t\t\t<\/span>\n\t\t\t\t\t\t\t\t\t\t<span class=\"elementor-icon-list-text\">Servicios<\/span>\n\t\t\t\t\t\t\t\t\t<\/li>\n\t\t\t\t\t\t<\/ul>\n\t\t\t\t\t\t<\/div>\n\t\t\t\t<\/div>\n\t\t\t\t\t<\/div>\n\t\t<\/div>\n\t\t\t\t\t<\/div>\n\t\t<\/section>\n\t\t\t\t<section class=\"elementor-section elementor-top-section elementor-element elementor-element-58ad9954 elementor-section-boxed elementor-section-height-default elementor-section-height-default\" data-id=\"58ad9954\" data-element_type=\"section\" data-e-type=\"section\">\n\t\t\t\t\t\t<div class=\"elementor-container elementor-column-gap-default\">\n\t\t\t\t\t<div class=\"elementor-column elementor-col-50 elementor-top-column elementor-element elementor-element-5bdd525f\" data-id=\"5bdd525f\" data-element_type=\"column\" data-e-type=\"column\">\n\t\t\t<div class=\"elementor-widget-wrap elementor-element-populated\">\n\t\t\t\t\t\t<div class=\"elementor-element elementor-element-3a3eee48 elementor-widget elementor-widget-heading\" data-id=\"3a3eee48\" data-element_type=\"widget\" data-e-type=\"widget\" data-widget_type=\"heading.default\">\n\t\t\t\t<div class=\"elementor-widget-container\">\n\t\t\t\t\t<h2 class=\"elementor-heading-title elementor-size-default\">Sistemas Postensado<\/h2>\t\t\t\t<\/div>\n\t\t\t\t<\/div>\n\t\t\t\t<div class=\"elementor-element elementor-element-c8a12ad elementor-widget elementor-widget-heading\" data-id=\"c8a12ad\" data-element_type=\"widget\" data-e-type=\"widget\" data-widget_type=\"heading.default\">\n\t\t\t\t<div class=\"elementor-widget-container\">\n\t\t\t\t\t<h2 class=\"elementor-heading-title elementor-size-default\">Multi-Tor\u00f3n<\/h2>\t\t\t\t<\/div>\n\t\t\t\t<\/div>\n\t\t\t\t<div class=\"elementor-element elementor-element-db85999 elementor-widget elementor-widget-text-editor\" data-id=\"db85999\" data-element_type=\"widget\" data-e-type=\"widget\" data-widget_type=\"text-editor.default\">\n\t\t\t\t<div class=\"elementor-widget-container\">\n\t\t\t\t\t\t\t\t\t<p><strong>Suministro de Materiales a la Obra:<\/strong><\/p><ul><li>Cable seg\u00fan Norma ASTM A416, 270 ksi<\/li><li>Anclajes (Anchor head, Anchor Plate, cu\u00f1as)<\/li><li>Ducto<\/li><\/ul><p><strong>Equipos y Herramientas:<\/strong><\/p><ul><li>Gato y Bomba Hidr\u00e1ulica (calibrada por UTP)<\/li><li>Bomba para inyecci\u00f3n de lechada<\/li><\/ul><p><strong>Mano de Obra<\/strong><\/p><ul><li>Preparaci\u00f3n, Instalaci\u00f3n, Tensi\u00f3n, Inyecci\u00f3n, Corte<\/li><li>Suministro de Equipos de Protecci\u00f3n Personal<\/li><\/ul><p><strong>Control de Calidad<\/strong><\/p><ul><li>Inspecci\u00f3n por ingenieros Id\u00f3neos por JTIA<\/li><li>Supervisores certificados por JTIA<\/li><li>R\u00e9cord de elongaciones<\/li><\/ul>\t\t\t\t\t\t\t\t<\/div>\n\t\t\t\t<\/div>\n\t\t\t\t<div class=\"elementor-element elementor-element-b2e62e8 elementor-widget elementor-widget-text-editor\" data-id=\"b2e62e8\" data-element_type=\"widget\" data-e-type=\"widget\" data-widget_type=\"text-editor.default\">\n\t\t\t\t<div class=\"elementor-widget-container\">\n\t\t\t\t\t\t\t\t\t<p>Adicionalmente, podemos incluir la instalaci\u00f3n del acero pasivo de los elementos si el contratista lo requiere.<\/p>\t\t\t\t\t\t\t\t<\/div>\n\t\t\t\t<\/div>\n\t\t\t\t\t<\/div>\n\t\t<\/div>\n\t\t\t\t<div class=\"elementor-column elementor-col-50 elementor-top-column elementor-element elementor-element-540f90eb elementor-hidden-phone\" data-id=\"540f90eb\" data-element_type=\"column\" data-e-type=\"column\" data-settings=\"{&quot;background_background&quot;:&quot;classic&quot;}\">\n\t\t\t<div class=\"elementor-widget-wrap elementor-element-populated\">\n\t\t\t\t\t\t<div class=\"elementor-element elementor-element-2d26739 elementor-widget elementor-widget-image\" data-id=\"2d26739\" data-element_type=\"widget\" data-e-type=\"widget\" data-widget_type=\"image.default\">\n\t\t\t\t<div class=\"elementor-widget-container\">\n\t\t\t\t\t\t\t\t\t\t\t\t\t\t\t<img fetchpriority=\"high\" decoding=\"async\" width=\"750\" height=\"1000\" src=\"https:\/\/ptspanama.net\/wp-content\/uploads\/2022\/06\/Sistemas-Postensado_1.jpg\" class=\"attachment-large size-large wp-image-1399\" alt=\"\" srcset=\"https:\/\/ptspanama.net\/wp-content\/uploads\/2022\/06\/Sistemas-Postensado_1.jpg 768w, https:\/\/ptspanama.net\/wp-content\/uploads\/2022\/06\/Sistemas-Postensado_1-225x300.jpg 225w\" sizes=\"(max-width: 750px) 100vw, 750px\" style=\"width:100%;height:133.33%;max-width:768px\" \/>\t\t\t\t\t\t\t\t\t\t\t\t\t\t\t<\/div>\n\t\t\t\t<\/div>\n\t\t\t\t\t<\/div>\n\t\t<\/div>\n\t\t\t\t\t<\/div>\n\t\t<\/section>\n\t\t\t\t<section class=\"elementor-section elementor-top-section elementor-element elementor-element-bdf1183 elementor-section-boxed elementor-section-height-default elementor-section-height-default\" data-id=\"bdf1183\" data-element_type=\"section\" data-e-type=\"section\">\n\t\t\t\t\t\t<div class=\"elementor-container elementor-column-gap-default\">\n\t\t\t\t\t<div class=\"elementor-column elementor-col-100 elementor-top-column elementor-element elementor-element-5a72963\" data-id=\"5a72963\" data-element_type=\"column\" data-e-type=\"column\">\n\t\t\t<div class=\"elementor-widget-wrap elementor-element-populated\">\n\t\t\t\t\t\t<div class=\"elementor-element elementor-element-02456b3 gallery-spacing-custom elementor-widget elementor-widget-image-gallery\" data-id=\"02456b3\" data-element_type=\"widget\" data-e-type=\"widget\" data-widget_type=\"image-gallery.default\">\n\t\t\t\t<div class=\"elementor-widget-container\">\n\t\t\t\t\t\t\t<div class=\"elementor-image-gallery\">\n\t\t\t<div id='gallery-1' class='gallery galleryid-748 gallery-columns-4 gallery-size-medium_large'><figure class='gallery-item'>\n\t\t\t<div class='gallery-icon landscape'>\n\t\t\t\t<a data-elementor-open-lightbox=\"yes\" data-elementor-lightbox-slideshow=\"02456b3\" data-elementor-lightbox-title=\"2-(2)\" data-e-action-hash=\"#elementor-action%3Aaction%3Dlightbox%26settings%3DeyJpZCI6MTQwMSwidXJsIjoiaHR0cHM6XC9cL3B0c3BhbmFtYS5uZXRcL3dwLWNvbnRlbnRcL3VwbG9hZHNcLzIwMjJcLzA2XC8yLTItMS5qcGciLCJzbGlkZXNob3ciOiIwMjQ1NmIzIn0%3D\" href='https:\/\/ptspanama.net\/wp-content\/uploads\/2022\/06\/2-2-1.jpg'><img decoding=\"async\" width=\"750\" height=\"563\" src=\"https:\/\/ptspanama.net\/wp-content\/uploads\/2022\/06\/2-2-1-768x576.jpg\" class=\"attachment-medium_large size-medium_large\" alt=\"\" srcset=\"https:\/\/ptspanama.net\/wp-content\/uploads\/2022\/06\/2-2-1-768x576.jpg 768w, https:\/\/ptspanama.net\/wp-content\/uploads\/2022\/06\/2-2-1-300x225.jpg 300w, https:\/\/ptspanama.net\/wp-content\/uploads\/2022\/06\/2-2-1-1024x768.jpg 1024w, https:\/\/ptspanama.net\/wp-content\/uploads\/2022\/06\/2-2-1.jpg 1280w\" sizes=\"(max-width: 750px) 100vw, 750px\" style=\"width:100%;height:75%;max-width:1280px;\" \/><\/a>\n\t\t\t<\/div><\/figure><figure class='gallery-item'>\n\t\t\t<div class='gallery-icon landscape'>\n\t\t\t\t<a data-elementor-open-lightbox=\"yes\" data-elementor-lightbox-slideshow=\"02456b3\" data-elementor-lightbox-title=\"Multitor\u00f3nNf2\" data-e-action-hash=\"#elementor-action%3Aaction%3Dlightbox%26settings%3DeyJpZCI6MTM3MywidXJsIjoiaHR0cHM6XC9cL3B0c3BhbmFtYS5uZXRcL3dwLWNvbnRlbnRcL3VwbG9hZHNcLzIwMjJcLzA2XC9NdWx0aXRvcm9uTmYyLmpwZyIsInNsaWRlc2hvdyI6IjAyNDU2YjMifQ%3D%3D\" href='https:\/\/ptspanama.net\/wp-content\/uploads\/2022\/06\/MultitoronNf2.jpg'><img decoding=\"async\" width=\"582\" height=\"428\" src=\"https:\/\/ptspanama.net\/wp-content\/uploads\/2022\/06\/MultitoronNf2.jpg\" class=\"attachment-medium_large size-medium_large\" alt=\"\" srcset=\"https:\/\/ptspanama.net\/wp-content\/uploads\/2022\/06\/MultitoronNf2.jpg 582w, https:\/\/ptspanama.net\/wp-content\/uploads\/2022\/06\/MultitoronNf2-300x221.jpg 300w\" sizes=\"(max-width: 582px) 100vw, 582px\" style=\"width:100%;height:73.54%;max-width:582px;\" \/><\/a>\n\t\t\t<\/div><\/figure><figure class='gallery-item'>\n\t\t\t<div class='gallery-icon landscape'>\n\t\t\t\t<a data-elementor-open-lightbox=\"yes\" data-elementor-lightbox-slideshow=\"02456b3\" data-elementor-lightbox-title=\"Imagen3\" data-e-action-hash=\"#elementor-action%3Aaction%3Dlightbox%26settings%3DeyJpZCI6NzUxLCJ1cmwiOiJodHRwczpcL1wvcHRzcGFuYW1hLm5ldFwvd3AtY29udGVudFwvdXBsb2Fkc1wvMjAyMlwvMDVcL0ltYWdlbjMucG5nIiwic2xpZGVzaG93IjoiMDI0NTZiMyJ9\" href='https:\/\/ptspanama.net\/wp-content\/uploads\/2022\/05\/Imagen3.png'><img loading=\"lazy\" decoding=\"async\" width=\"390\" height=\"292\" src=\"https:\/\/ptspanama.net\/wp-content\/uploads\/2022\/05\/Imagen3.png\" class=\"attachment-medium_large size-medium_large\" alt=\"\" srcset=\"https:\/\/ptspanama.net\/wp-content\/uploads\/2022\/05\/Imagen3.png 390w, https:\/\/ptspanama.net\/wp-content\/uploads\/2022\/05\/Imagen3-300x225.png 300w\" sizes=\"(max-width: 390px) 100vw, 390px\" style=\"width:100%;height:74.87%;max-width:390px;\" \/><\/a>\n\t\t\t<\/div><\/figure><figure class='gallery-item'>\n\t\t\t<div class='gallery-icon landscape'>\n\t\t\t\t<a data-elementor-open-lightbox=\"yes\" data-elementor-lightbox-slideshow=\"02456b3\" data-elementor-lightbox-title=\"multi\" data-e-action-hash=\"#elementor-action%3Aaction%3Dlightbox%26settings%3DeyJpZCI6MTAxNSwidXJsIjoiaHR0cHM6XC9cL3B0c3BhbmFtYS5uZXRcL3dwLWNvbnRlbnRcL3VwbG9hZHNcLzIwMjJcLzA2XC9tdWx0aS0xLmpwZyIsInNsaWRlc2hvdyI6IjAyNDU2YjMifQ%3D%3D\" href='https:\/\/ptspanama.net\/wp-content\/uploads\/2022\/06\/multi-1.jpg'><img loading=\"lazy\" decoding=\"async\" width=\"750\" height=\"563\" src=\"https:\/\/ptspanama.net\/wp-content\/uploads\/2022\/06\/multi-1-768x576.jpg\" class=\"attachment-medium_large size-medium_large\" alt=\"\" srcset=\"https:\/\/ptspanama.net\/wp-content\/uploads\/2022\/06\/multi-1-768x576.jpg 768w, https:\/\/ptspanama.net\/wp-content\/uploads\/2022\/06\/multi-1-300x225.jpg 300w, https:\/\/ptspanama.net\/wp-content\/uploads\/2022\/06\/multi-1-1024x768.jpg 1024w, https:\/\/ptspanama.net\/wp-content\/uploads\/2022\/06\/multi-1-1536x1152.jpg 1536w, https:\/\/ptspanama.net\/wp-content\/uploads\/2022\/06\/multi-1-1568x1176.jpg 1568w, https:\/\/ptspanama.net\/wp-content\/uploads\/2022\/06\/multi-1.jpg 1600w\" sizes=\"(max-width: 750px) 100vw, 750px\" style=\"width:100%;height:75%;max-width:1600px;\" \/><\/a>\n\t\t\t<\/div><\/figure>\n\t\t<\/div>\n\t\t<\/div>\n\t\t\t\t\t\t<\/div>\n\t\t\t\t<\/div>\n\t\t\t\t\t<\/div>\n\t\t<\/div>\n\t\t\t\t\t<\/div>\n\t\t<\/section>\n\t\t\t\t<\/div>\n\t\t","protected":false},"excerpt":{"rendered":"<p>Sistemas Postensado Multi-Tor\u00f3n Inicio Servicios Sistemas Postensado Multi-Tor\u00f3n Suministro de Materiales a la Obra: Cable seg\u00fan Norma ASTM A416, 270 ksi Anclajes (Anchor head, Anchor Plate, cu\u00f1as) Ducto Equipos y Herramientas: Gato y Bomba Hidr\u00e1ulica (calibrada por UTP) Bomba para inyecci\u00f3n de lechada Mano de Obra Preparaci\u00f3n, Instalaci\u00f3n, Tensi\u00f3n, Inyecci\u00f3n, Corte Suministro de Equipos de&hellip; <a class=\"more-link\" href=\"https:\/\/ptspanama.net\/index.php\/servicios\/sistemas-postensado-multi-toron\/\">Seguir leyendo <span class=\"screen-reader-text\">Sistemas Postensado Multi-Tor\u00f3n<\/span><\/a><\/p>\n","protected":false},"author":1,"featured_media":0,"parent":740,"menu_order":0,"comment_status":"closed","ping_status":"closed","template":"elementor_canvas","meta":{"_joinchat":[],"footnotes":""},"class_list":["post-748","page","type-page","status-publish","hentry","entry"],"yoast_head":"<!-- This site is optimized with the Yoast SEO plugin v27.5 - https:\/\/yoast.com\/product\/yoast-seo-wordpress\/ -->\n<title>Sistemas Postensado Multi-Tor\u00f3n - PT SOLUTIONS PANAMA<\/title>\n<meta name=\"robots\" content=\"index, follow, max-snippet:-1, max-image-preview:large, max-video-preview:-1\" \/>\n<link rel=\"canonical\" href=\"https:\/\/ptspanama.net\/index.php\/servicios\/sistemas-postensado-multi-toron\/\" \/>\n<meta property=\"og:locale\" content=\"es_ES\" \/>\n<meta property=\"og:type\" content=\"article\" \/>\n<meta property=\"og:title\" content=\"Sistemas Postensado Multi-Tor\u00f3n - PT SOLUTIONS PANAMA\" \/>\n<meta property=\"og:description\" content=\"Sistemas Postensado Multi-Tor\u00f3n Inicio Servicios Sistemas Postensado Multi-Tor\u00f3n Suministro de Materiales a la Obra: Cable seg\u00fan Norma ASTM A416, 270 ksi Anclajes (Anchor head, Anchor Plate, cu\u00f1as) Ducto Equipos y Herramientas: Gato y Bomba Hidr\u00e1ulica (calibrada por UTP) Bomba para inyecci\u00f3n de lechada Mano de Obra Preparaci\u00f3n, Instalaci\u00f3n, Tensi\u00f3n, Inyecci\u00f3n, Corte Suministro de Equipos de&hellip; Seguir leyendo Sistemas Postensado Multi-Tor\u00f3n\" \/>\n<meta property=\"og:url\" content=\"https:\/\/ptspanama.net\/index.php\/servicios\/sistemas-postensado-multi-toron\/\" \/>\n<meta property=\"og:site_name\" content=\"PT SOLUTIONS PANAMA\" \/>\n<meta property=\"article:modified_time\" content=\"2022-07-18T17:56:10+00:00\" \/>\n<meta property=\"og:image\" content=\"http:\/\/ptspanama.net\/wp-content\/uploads\/2022\/06\/Sistemas-Postensado_1.jpg\" \/>\n<meta name=\"twitter:card\" content=\"summary_large_image\" \/>\n<meta name=\"twitter:label1\" content=\"Tiempo de lectura\" \/>\n\t<meta name=\"twitter:data1\" content=\"2 minutos\" \/>\n<script type=\"application\/ld+json\" class=\"yoast-schema-graph\">{\"@context\":\"https:\\\/\\\/schema.org\",\"@graph\":[{\"@type\":\"WebPage\",\"@id\":\"https:\\\/\\\/ptspanama.net\\\/index.php\\\/servicios\\\/sistemas-postensado-multi-toron\\\/\",\"url\":\"https:\\\/\\\/ptspanama.net\\\/index.php\\\/servicios\\\/sistemas-postensado-multi-toron\\\/\",\"name\":\"Sistemas Postensado Multi-Tor\u00f3n - PT SOLUTIONS PANAMA\",\"isPartOf\":{\"@id\":\"https:\\\/\\\/ptspanama.net\\\/#website\"},\"primaryImageOfPage\":{\"@id\":\"https:\\\/\\\/ptspanama.net\\\/index.php\\\/servicios\\\/sistemas-postensado-multi-toron\\\/#primaryimage\"},\"image\":{\"@id\":\"https:\\\/\\\/ptspanama.net\\\/index.php\\\/servicios\\\/sistemas-postensado-multi-toron\\\/#primaryimage\"},\"thumbnailUrl\":\"http:\\\/\\\/ptspanama.net\\\/wp-content\\\/uploads\\\/2022\\\/06\\\/Sistemas-Postensado_1.jpg\",\"datePublished\":\"2022-05-31T14:09:23+00:00\",\"dateModified\":\"2022-07-18T17:56:10+00:00\",\"breadcrumb\":{\"@id\":\"https:\\\/\\\/ptspanama.net\\\/index.php\\\/servicios\\\/sistemas-postensado-multi-toron\\\/#breadcrumb\"},\"inLanguage\":\"es\",\"potentialAction\":[{\"@type\":\"ReadAction\",\"target\":[\"https:\\\/\\\/ptspanama.net\\\/index.php\\\/servicios\\\/sistemas-postensado-multi-toron\\\/\"]}]},{\"@type\":\"ImageObject\",\"inLanguage\":\"es\",\"@id\":\"https:\\\/\\\/ptspanama.net\\\/index.php\\\/servicios\\\/sistemas-postensado-multi-toron\\\/#primaryimage\",\"url\":\"https:\\\/\\\/ptspanama.net\\\/wp-content\\\/uploads\\\/2022\\\/06\\\/Sistemas-Postensado_1.jpg\",\"contentUrl\":\"https:\\\/\\\/ptspanama.net\\\/wp-content\\\/uploads\\\/2022\\\/06\\\/Sistemas-Postensado_1.jpg\",\"width\":768,\"height\":1024},{\"@type\":\"BreadcrumbList\",\"@id\":\"https:\\\/\\\/ptspanama.net\\\/index.php\\\/servicios\\\/sistemas-postensado-multi-toron\\\/#breadcrumb\",\"itemListElement\":[{\"@type\":\"ListItem\",\"position\":1,\"name\":\"Portada\",\"item\":\"https:\\\/\\\/ptspanama.net\\\/\"},{\"@type\":\"ListItem\",\"position\":2,\"name\":\"Servicios\",\"item\":\"https:\\\/\\\/ptspanama.net\\\/index.php\\\/servicios\\\/\"},{\"@type\":\"ListItem\",\"position\":3,\"name\":\"Sistemas Postensado Multi-Tor\u00f3n\"}]},{\"@type\":\"WebSite\",\"@id\":\"https:\\\/\\\/ptspanama.net\\\/#website\",\"url\":\"https:\\\/\\\/ptspanama.net\\\/\",\"name\":\"PT SOLUTIONS PANAMA\",\"description\":\"ESPECIALISTAS EN SISTEMAS DE CONCRETO POSTENSADOS Y PRETENSADOS\",\"publisher\":{\"@id\":\"https:\\\/\\\/ptspanama.net\\\/#organization\"},\"potentialAction\":[{\"@type\":\"SearchAction\",\"target\":{\"@type\":\"EntryPoint\",\"urlTemplate\":\"https:\\\/\\\/ptspanama.net\\\/?s={search_term_string}\"},\"query-input\":{\"@type\":\"PropertyValueSpecification\",\"valueRequired\":true,\"valueName\":\"search_term_string\"}}],\"inLanguage\":\"es\"},{\"@type\":\"Organization\",\"@id\":\"https:\\\/\\\/ptspanama.net\\\/#organization\",\"name\":\"PT Solutions Panam\u00e1\",\"url\":\"https:\\\/\\\/ptspanama.net\\\/\",\"logo\":{\"@type\":\"ImageObject\",\"inLanguage\":\"es\",\"@id\":\"https:\\\/\\\/ptspanama.net\\\/#\\\/schema\\\/logo\\\/image\\\/\",\"url\":\"http:\\\/\\\/ptspanama.net\\\/wp-content\\\/uploads\\\/2022\\\/04\\\/Logo-PT-Solutions-grnade-02.png\",\"contentUrl\":\"http:\\\/\\\/ptspanama.net\\\/wp-content\\\/uploads\\\/2022\\\/04\\\/Logo-PT-Solutions-grnade-02.png\",\"width\":1903,\"height\":1003,\"caption\":\"PT Solutions Panam\u00e1\"},\"image\":{\"@id\":\"https:\\\/\\\/ptspanama.net\\\/#\\\/schema\\\/logo\\\/image\\\/\"},\"sameAs\":[\"https:\\\/\\\/www.instagram.com\\\/pts_pty\\\/\",\"https:\\\/\\\/www.linkedin.com\\\/in\\\/jorge-enrique-lang-c-38292a5a\\\/\"]}]}<\/script>\n<!-- \/ Yoast SEO plugin. -->","yoast_head_json":{"title":"Sistemas Postensado Multi-Tor\u00f3n - PT SOLUTIONS PANAMA","robots":{"index":"index","follow":"follow","max-snippet":"max-snippet:-1","max-image-preview":"max-image-preview:large","max-video-preview":"max-video-preview:-1"},"canonical":"https:\/\/ptspanama.net\/index.php\/servicios\/sistemas-postensado-multi-toron\/","og_locale":"es_ES","og_type":"article","og_title":"Sistemas Postensado Multi-Tor\u00f3n - PT SOLUTIONS PANAMA","og_description":"Sistemas Postensado Multi-Tor\u00f3n Inicio Servicios Sistemas Postensado Multi-Tor\u00f3n Suministro de Materiales a la Obra: Cable seg\u00fan Norma ASTM A416, 270 ksi Anclajes (Anchor head, Anchor Plate, cu\u00f1as) Ducto Equipos y Herramientas: Gato y Bomba Hidr\u00e1ulica (calibrada por UTP) Bomba para inyecci\u00f3n de lechada Mano de Obra Preparaci\u00f3n, Instalaci\u00f3n, Tensi\u00f3n, Inyecci\u00f3n, Corte Suministro de Equipos de&hellip; Seguir leyendo Sistemas Postensado Multi-Tor\u00f3n","og_url":"https:\/\/ptspanama.net\/index.php\/servicios\/sistemas-postensado-multi-toron\/","og_site_name":"PT SOLUTIONS PANAMA","article_modified_time":"2022-07-18T17:56:10+00:00","og_image":[{"url":"http:\/\/ptspanama.net\/wp-content\/uploads\/2022\/06\/Sistemas-Postensado_1.jpg","type":"","width":"","height":""}],"twitter_card":"summary_large_image","twitter_misc":{"Tiempo de lectura":"2 minutos"},"schema":{"@context":"https:\/\/schema.org","@graph":[{"@type":"WebPage","@id":"https:\/\/ptspanama.net\/index.php\/servicios\/sistemas-postensado-multi-toron\/","url":"https:\/\/ptspanama.net\/index.php\/servicios\/sistemas-postensado-multi-toron\/","name":"Sistemas Postensado Multi-Tor\u00f3n - PT SOLUTIONS PANAMA","isPartOf":{"@id":"https:\/\/ptspanama.net\/#website"},"primaryImageOfPage":{"@id":"https:\/\/ptspanama.net\/index.php\/servicios\/sistemas-postensado-multi-toron\/#primaryimage"},"image":{"@id":"https:\/\/ptspanama.net\/index.php\/servicios\/sistemas-postensado-multi-toron\/#primaryimage"},"thumbnailUrl":"http:\/\/ptspanama.net\/wp-content\/uploads\/2022\/06\/Sistemas-Postensado_1.jpg","datePublished":"2022-05-31T14:09:23+00:00","dateModified":"2022-07-18T17:56:10+00:00","breadcrumb":{"@id":"https:\/\/ptspanama.net\/index.php\/servicios\/sistemas-postensado-multi-toron\/#breadcrumb"},"inLanguage":"es","potentialAction":[{"@type":"ReadAction","target":["https:\/\/ptspanama.net\/index.php\/servicios\/sistemas-postensado-multi-toron\/"]}]},{"@type":"ImageObject","inLanguage":"es","@id":"https:\/\/ptspanama.net\/index.php\/servicios\/sistemas-postensado-multi-toron\/#primaryimage","url":"https:\/\/ptspanama.net\/wp-content\/uploads\/2022\/06\/Sistemas-Postensado_1.jpg","contentUrl":"https:\/\/ptspanama.net\/wp-content\/uploads\/2022\/06\/Sistemas-Postensado_1.jpg","width":768,"height":1024},{"@type":"BreadcrumbList","@id":"https:\/\/ptspanama.net\/index.php\/servicios\/sistemas-postensado-multi-toron\/#breadcrumb","itemListElement":[{"@type":"ListItem","position":1,"name":"Portada","item":"https:\/\/ptspanama.net\/"},{"@type":"ListItem","position":2,"name":"Servicios","item":"https:\/\/ptspanama.net\/index.php\/servicios\/"},{"@type":"ListItem","position":3,"name":"Sistemas Postensado Multi-Tor\u00f3n"}]},{"@type":"WebSite","@id":"https:\/\/ptspanama.net\/#website","url":"https:\/\/ptspanama.net\/","name":"PT SOLUTIONS PANAMA","description":"ESPECIALISTAS EN SISTEMAS DE CONCRETO POSTENSADOS Y PRETENSADOS","publisher":{"@id":"https:\/\/ptspanama.net\/#organization"},"potentialAction":[{"@type":"SearchAction","target":{"@type":"EntryPoint","urlTemplate":"https:\/\/ptspanama.net\/?s={search_term_string}"},"query-input":{"@type":"PropertyValueSpecification","valueRequired":true,"valueName":"search_term_string"}}],"inLanguage":"es"},{"@type":"Organization","@id":"https:\/\/ptspanama.net\/#organization","name":"PT Solutions Panam\u00e1","url":"https:\/\/ptspanama.net\/","logo":{"@type":"ImageObject","inLanguage":"es","@id":"https:\/\/ptspanama.net\/#\/schema\/logo\/image\/","url":"http:\/\/ptspanama.net\/wp-content\/uploads\/2022\/04\/Logo-PT-Solutions-grnade-02.png","contentUrl":"http:\/\/ptspanama.net\/wp-content\/uploads\/2022\/04\/Logo-PT-Solutions-grnade-02.png","width":1903,"height":1003,"caption":"PT Solutions Panam\u00e1"},"image":{"@id":"https:\/\/ptspanama.net\/#\/schema\/logo\/image\/"},"sameAs":["https:\/\/www.instagram.com\/pts_pty\/","https:\/\/www.linkedin.com\/in\/jorge-enrique-lang-c-38292a5a\/"]}]}},"_links":{"self":[{"href":"https:\/\/ptspanama.net\/index.php\/wp-json\/wp\/v2\/pages\/748","targetHints":{"allow":["GET"]}}],"collection":[{"href":"https:\/\/ptspanama.net\/index.php\/wp-json\/wp\/v2\/pages"}],"about":[{"href":"https:\/\/ptspanama.net\/index.php\/wp-json\/wp\/v2\/types\/page"}],"author":[{"embeddable":true,"href":"https:\/\/ptspanama.net\/index.php\/wp-json\/wp\/v2\/users\/1"}],"replies":[{"embeddable":true,"href":"https:\/\/ptspanama.net\/index.php\/wp-json\/wp\/v2\/comments?post=748"}],"version-history":[{"count":46,"href":"https:\/\/ptspanama.net\/index.php\/wp-json\/wp\/v2\/pages\/748\/revisions"}],"predecessor-version":[{"id":1761,"href":"https:\/\/ptspanama.net\/index.php\/wp-json\/wp\/v2\/pages\/748\/revisions\/1761"}],"up":[{"embeddable":true,"href":"https:\/\/ptspanama.net\/index.php\/wp-json\/wp\/v2\/pages\/740"}],"wp:attachment":[{"href":"https:\/\/ptspanama.net\/index.php\/wp-json\/wp\/v2\/media?parent=748"}],"curies":[{"name":"wp","href":"https:\/\/api.w.org\/{rel}","templated":true}]}}